{"id":18,"date":"2023-08-02T12:11:12","date_gmt":"2023-08-02T12:11:12","guid":{"rendered":"https:\/\/www.humanitatis-pflegeteam.de\/?page_id=18"},"modified":"2023-08-02T14:50:43","modified_gmt":"2023-08-02T14:50:43","slug":"18-2","status":"publish","type":"page","link":"https:\/\/www.humanitatis-pflegeteam.de\/","title":{"rendered":""},"content":{"rendered":"<p><img loading=\"lazy\" decoding=\"async\" class=\"wp-image-7 aligncenter\" src=\"https:\/\/www.humanitatis-pflegeteam.de\/wp-content\/uploads\/2023\/08\/selectAsset-1_ug-271x300.jpg\" alt=\"\" width=\"269\" height=\"298\" srcset=\"https:\/\/www.humanitatis-pflegeteam.de\/wp-content\/uploads\/2023\/08\/selectAsset-1_ug-271x300.jpg 271w, https:\/\/www.humanitatis-pflegeteam.de\/wp-content\/uploads\/2023\/08\/selectAsset-1_ug-926x1024.jpg 926w, https:\/\/www.humanitatis-pflegeteam.de\/wp-content\/uploads\/2023\/08\/selectAsset-1_ug-768x849.jpg 768w, https:\/\/www.humanitatis-pflegeteam.de\/wp-content\/uploads\/2023\/08\/selectAsset-1_ug-1389x1536.jpg 1389w, https:\/\/www.humanitatis-pflegeteam.de\/wp-content\/uploads\/2023\/08\/selectAsset-1_ug-1852x2048.jpg 1852w\" sizes=\"auto, (max-width: 269px) 100vw, 269px\" \/><\/p>\n<h3 style=\"text-align: center;\">Wir pflegen unsere Website f\u00fcr Sie!<\/h3>\n<h3 style=\"text-align: center;\">Trotzdem stehen wir Ihnen telefonisch und pers\u00f6nlich zur Verf\u00fcgung!<\/h3>\n<h3 style=\"text-align: center;\"><span style=\"color: #ff9900;\"><em>Ihr Pflegedienst in Aachen<\/em><\/span><\/h3>\n<h2 style=\"text-align: center;\"><em><span style=\"color: #35c2e0;\">Humanitatis Pflegeteam UG<\/span><\/em><\/h2>\n<p style=\"text-align: center;\"><strong>Metzgerstra\u00dfe 1<\/strong><\/p>\n<p style=\"text-align: center;\"><strong>52070 Aachen<\/strong><\/p>\n<h3 style=\"text-align: center;\"><span style=\"color: #ff9900;\"><strong><em>Bei Fragen stehen wir Ihnen gerne zur Verf\u00fcgung:<\/em><\/strong><\/span><\/h3>\n<p style=\"text-align: center;\">Beratung werktags <em><strong>10:00 &#8211; 16:00<\/strong><\/em> Uhr<\/p>\n<p style=\"text-align: center;\">und nach Vereinbarung<\/p>\n<p style=\"text-align: center;\">Tel.: <strong><em>0241 &#8211; 56006374<\/em><\/strong><\/p>\n<p style=\"text-align: center;\">Fax: <strong><em>0241 &#8211; 56006415<\/em><\/strong><\/p>\n<p style=\"text-align: center;\">Email: <strong><em>info@humanitatis-pflegeteam.de<\/em><\/strong><\/p>\n","protected":false},"excerpt":{"rendered":"<p>Wir pflegen unsere Website f\u00fcr Sie! Trotzdem stehen wir Ihnen telefonisch und pers\u00f6nlich zur Verf\u00fcgung! Ihr Pflegedienst in Aachen Humanitatis Pflegeteam UG Metzgerstra\u00dfe 1 52070 Aachen Bei Fragen stehen wir Ihnen gerne zur Verf\u00fcgung: Beratung werktags 10:00 &#8211; 16:00 Uhr und nach Vereinbarung Tel.: 0241 &#8211; 56006374 Fax: 0241 &#8211; 56006415 Email: info@humanitatis-pflegeteam.de<\/p>\n","protected":false},"author":1,"featured_media":0,"parent":0,"menu_order":0,"comment_status":"closed","ping_status":"closed","template":"","meta":{"footnotes":""},"class_list":["post-18","page","type-page","status-publish","hentry"],"_links":{"self":[{"href":"https:\/\/www.humanitatis-pflegeteam.de\/index.php?rest_route=\/wp\/v2\/pages\/18","targetHints":{"allow":["GET"]}}],"collection":[{"href":"https:\/\/www.humanitatis-pflegeteam.de\/index.php?rest_route=\/wp\/v2\/pages"}],"about":[{"href":"https:\/\/www.humanitatis-pflegeteam.de\/index.php?rest_route=\/wp\/v2\/types\/page"}],"author":[{"embeddable":true,"href":"https:\/\/www.humanitatis-pflegeteam.de\/index.php?rest_route=\/wp\/v2\/users\/1"}],"replies":[{"embeddable":true,"href":"https:\/\/www.humanitatis-pflegeteam.de\/index.php?rest_route=%2Fwp%2Fv2%2Fcomments&post=18"}],"version-history":[{"count":10,"href":"https:\/\/www.humanitatis-pflegeteam.de\/index.php?rest_route=\/wp\/v2\/pages\/18\/revisions"}],"predecessor-version":[{"id":32,"href":"https:\/\/www.humanitatis-pflegeteam.de\/index.php?rest_route=\/wp\/v2\/pages\/18\/revisions\/32"}],"wp:attachment":[{"href":"https:\/\/www.humanitatis-pflegeteam.de\/index.php?rest_route=%2Fwp%2Fv2%2Fmedia&parent=18"}],"curies":[{"name":"wp","href":"https:\/\/api.w.org\/{rel}","templated":true}]}}